{"id":32,"date":"2018-03-08T19:33:25","date_gmt":"2018-03-08T19:33:25","guid":{"rendered":"http:\/\/milchhofblumhardt-lernenaufdembauernhof.de\/?page_id=32"},"modified":"2018-03-16T06:59:14","modified_gmt":"2018-03-16T06:59:14","slug":"willkommen","status":"publish","type":"page","link":"http:\/\/milchhofblumhardt-lernenaufdembauernhof.de\/","title":{"rendered":"Willkommen"},"content":{"rendered":"<p>&#8230;auf unserem Milchhof!     <img data-recalc-dims=\"1\" loading=\"lazy\" decoding=\"async\" data-attachment-id=\"85\" data-permalink=\"http:\/\/milchhofblumhardt-lernenaufdembauernhof.de\/?attachment_id=85\" data-orig-file=\"https:\/\/i0.wp.com\/milchhofblumhardt-lernenaufdembauernhof.de\/wp-content\/uploads\/2018\/03\/Blumhardt_B_5254_A3.jpeg?fit=1280%2C758\" data-orig-size=\"1280,758\" data-comments-opened=\"1\" data-image-meta=\"{&quot;aperture&quot;:&quot;0&quot;,&quot;credit&quot;:&quot;&quot;,&quot;camera&quot;:&quot;&quot;,&quot;caption&quot;:&quot;&quot;,&quot;created_timestamp&quot;:&quot;0&quot;,&quot;copyright&quot;:&quot;&quot;,&quot;focal_length&quot;:&quot;0&quot;,&quot;iso&quot;:&quot;0&quot;,&quot;shutter_speed&quot;:&quot;0&quot;,&quot;title&quot;:&quot;&quot;,&quot;orientation&quot;:&quot;0&quot;}\" data-image-title=\"Blumhardt_B_5254_A3\" data-image-description=\"\" data-image-caption=\"\" data-medium-file=\"https:\/\/i0.wp.com\/milchhofblumhardt-lernenaufdembauernhof.de\/wp-content\/uploads\/2018\/03\/Blumhardt_B_5254_A3.jpeg?fit=300%2C178\" data-large-file=\"https:\/\/i0.wp.com\/milchhofblumhardt-lernenaufdembauernhof.de\/wp-content\/uploads\/2018\/03\/Blumhardt_B_5254_A3.jpeg?fit=660%2C391\" src=\"https:\/\/i0.wp.com\/milchhofblumhardt-lernenaufdembauernhof.de\/wp-content\/uploads\/2018\/03\/Blumhardt_B_5254_A3.jpeg?resize=300%2C178\" alt=\"\" width=\"300\" height=\"178\" class=\"alignnone size-medium wp-image-85\" srcset=\"https:\/\/i0.wp.com\/milchhofblumhardt-lernenaufdembauernhof.de\/wp-content\/uploads\/2018\/03\/Blumhardt_B_5254_A3.jpeg?resize=300%2C178 300w, https:\/\/i0.wp.com\/milchhofblumhardt-lernenaufdembauernhof.de\/wp-content\/uploads\/2018\/03\/Blumhardt_B_5254_A3.jpeg?resize=768%2C455 768w, https:\/\/i0.wp.com\/milchhofblumhardt-lernenaufdembauernhof.de\/wp-content\/uploads\/2018\/03\/Blumhardt_B_5254_A3.jpeg?resize=1024%2C606 1024w, https:\/\/i0.wp.com\/milchhofblumhardt-lernenaufdembauernhof.de\/wp-content\/uploads\/2018\/03\/Blumhardt_B_5254_A3.jpeg?w=1280 1280w\" sizes=\"(max-width: 300px) 100vw, 300px\" \/><\/p>\n<p>Mein Name ist Kerstin Blumhardt und ich bewirtschafte mit meinem Mann<br \/>\nseinen landwirtschaftlichen Betrieb mit den Schwerpunkten<br \/>\nMilchviehhaltung, Ackerbau und neue Energien in 71686 Remseck am Neckar, Ortsteil Neckarrems.<\/p>\n<p>Unser Hof ist Heimat von ca. 100 Milchk\u00fchen uns ca. 90 Rindern und K\u00e4lbern.<br \/>\nEinige Katzen, drei Pferde, eine Handvoll H\u00fchner samt Hahn und ein Westerw\u00e4lder Kuhhund geh\u00f6ren<br \/>\nebenfalls zu den st\u00e4ndigen (Hof-)Bewohnern.<\/p>\n<p>Ich selbst stamme geb\u00fcrtig nicht aus einem landwirtschaftlichen Betrieb.<br \/>\nBevor ich meinen Mann kennenlernte, war ich beruflich im Handwerk zu Hause,<br \/>\n(inkl. Meistertitel und staatl. gepr\u00fcfte Betriebsmanagerin)<\/p>\n<p>Heute unterst\u00fctze ich meinen Mann auf seinem landwirtschaftlichen Betrieb.<br \/>\nNeben vielen Arbeiten im Kuhstall, wie z.B. das Managen der Herde, die K\u00e4lberaufzucht, das Fruchtbarkeitsmanagement inkl. Besamung, bin ich auch f\u00fcr B\u00fcroarbeiten und \u00d6ffentlichkeitsarbeit zust\u00e4ndig.<br \/>\n<img data-recalc-dims=\"1\" loading=\"lazy\" decoding=\"async\" data-attachment-id=\"9\" data-permalink=\"http:\/\/milchhofblumhardt-lernenaufdembauernhof.de\/?attachment_id=9\" data-orig-file=\"https:\/\/i0.wp.com\/milchhofblumhardt-lernenaufdembauernhof.de\/wp-content\/uploads\/2018\/03\/cropped-FUX4715_A.jpeg?fit=2000%2C1200\" data-orig-size=\"2000,1200\" data-comments-opened=\"1\" data-image-meta=\"{&quot;aperture&quot;:&quot;0&quot;,&quot;credit&quot;:&quot;&quot;,&quot;camera&quot;:&quot;&quot;,&quot;caption&quot;:&quot;&quot;,&quot;created_timestamp&quot;:&quot;0&quot;,&quot;copyright&quot;:&quot;&quot;,&quot;focal_length&quot;:&quot;0&quot;,&quot;iso&quot;:&quot;0&quot;,&quot;shutter_speed&quot;:&quot;0&quot;,&quot;title&quot;:&quot;&quot;,&quot;orientation&quot;:&quot;0&quot;}\" data-image-title=\"cropped-FUX4715_A.jpeg\" data-image-description=\"\" data-image-caption=\"\" data-medium-file=\"https:\/\/i0.wp.com\/milchhofblumhardt-lernenaufdembauernhof.de\/wp-content\/uploads\/2018\/03\/cropped-FUX4715_A.jpeg?fit=300%2C180\" data-large-file=\"https:\/\/i0.wp.com\/milchhofblumhardt-lernenaufdembauernhof.de\/wp-content\/uploads\/2018\/03\/cropped-FUX4715_A.jpeg?fit=660%2C396\" src=\"https:\/\/i0.wp.com\/milchhofblumhardt-lernenaufdembauernhof.de\/wp-content\/uploads\/2018\/03\/cropped-FUX4715_A.jpeg?resize=300%2C180\" alt=\"\" width=\"300\" height=\"180\" class=\"alignnone size-medium wp-image-9\" \n<img loading=\"lazy\" decoding=\"async\" data-attachment-id=\"9\" data-permalink=\"http:\/\/milchhofblumhardt-lernenaufdembauernhof.de\/?attachment_id=9\" data-orig-file=\"https:\/\/i0.wp.com\/milchhofblumhardt-lernenaufdembauernhof.de\/wp-content\/uploads\/2018\/03\/cropped-FUX4715_A.jpeg?fit=2000%2C1200\" data-orig-size=\"2000,1200\" data-comments-opened=\"1\" data-image-meta=\"{&quot;aperture&quot;:&quot;0&quot;,&quot;credit&quot;:&quot;&quot;,&quot;camera&quot;:&quot;&quot;,&quot;caption&quot;:&quot;&quot;,&quot;created_timestamp&quot;:&quot;0&quot;,&quot;copyright&quot;:&quot;&quot;,&quot;focal_length&quot;:&quot;0&quot;,&quot;iso&quot;:&quot;0&quot;,&quot;shutter_speed&quot;:&quot;0&quot;,&quot;title&quot;:&quot;&quot;,&quot;orientation&quot;:&quot;0&quot;}\" data-image-title=\"cropped-FUX4715_A.jpeg\" data-image-description=\"\" data-image-caption=\"\" data-medium-file=\"https:\/\/i0.wp.com\/milchhofblumhardt-lernenaufdembauernhof.de\/wp-content\/uploads\/2018\/03\/cropped-FUX4715_A.jpeg?fit=300%2C180\" data-large-file=\"https:\/\/i0.wp.com\/milchhofblumhardt-lernenaufdembauernhof.de\/wp-content\/uploads\/2018\/03\/cropped-FUX4715_A.jpeg?fit=660%2C396\" src=\"http:\/\/milchhofblumhardt-lernenaufdembauernhof.de\/wp-content\/uploads\/2018\/03\/cropped-20170320_161936-300x197.jpg\" alt=\"\" width=\"300\" height=\"197\" class=\"alignnone size-medium wp-image-30\" srcset=\"https:\/\/i0.wp.com\/milchhofblumhardt-lernenaufdembauernhof.de\/wp-content\/uploads\/2018\/03\/cropped-FUX4715_A.jpeg?resize=300%2C180 300w, https:\/\/i0.wp.com\/milchhofblumhardt-lernenaufdembauernhof.de\/wp-content\/uploads\/2018\/03\/cropped-FUX4715_A.jpeg?resize=768%2C461 768w, https:\/\/i0.wp.com\/milchhofblumhardt-lernenaufdembauernhof.de\/wp-content\/uploads\/2018\/03\/cropped-FUX4715_A.jpeg?resize=1024%2C614 1024w, https:\/\/i0.wp.com\/milchhofblumhardt-lernenaufdembauernhof.de\/wp-content\/uploads\/2018\/03\/cropped-FUX4715_A.jpeg?w=2000 2000w, https:\/\/i0.wp.com\/milchhofblumhardt-lernenaufdembauernhof.de\/wp-content\/uploads\/2018\/03\/cropped-FUX4715_A.jpeg?w=1320 1320w\" sizes=\"(max-width: 300px) 100vw, 300px\" \/><br \/>\nUnser Hof ist ein typischer Familienbetrieb:<br \/>\ndrei Familien-Ak + eine Aushilfe <\/p>\n<p>Milchproduzent zu sein bedeutet so viel mehr, als ein paar K\u00fche im Stall stehen zu haben, diese zu melken, zu f\u00fcttern und zu misten.<br \/>\nDas A und O eines jeden erfolgreichen Milchviehbetrieb sind gesunde Tiere.<br \/>\nNur K\u00fche die gesund sind, sind in der Lage tr\u00e4chtig zu werden, ein Kalb auf die Welt zu bringen und als Folge dessen,\u2026 Milch zu geben. Das ist vielen Menschen unserer heutigen Gesellschaft nicht bewu\u00dft. Sie erleben die heutige Landwirtschaft in den Medien meist in negativem Licht, vorallem das Tierwohl wird in Frage gestellt.<br \/>\nDie wenigsten Verbraucher machen sich selbst ein Bild der heutigen, modernen Landwirtschaft. <\/p>\n<p>Neben meinen Aktivit\u00e4ten auf Social Media<br \/>\n(Facebook, Instagram und Twitter)<br \/>\nmit (fast) t\u00e4glichen Posts zu aktuellen Themen,<br \/>\ngerade anfallenden Arbeiten,<br \/>\nGef\u00fchlslagen,<br \/>\nVeranschaulichungen<br \/>\nund Erkl\u00e4rungen<br \/>\nhabe ich nun diesen Blog er\u00f6ffnet&#8230;<\/p>\n<p>Schaut rein und lasst euch mitnehmen in die Welt der Landwirtschaft! <\/p>\n<p>Seit 2012 bin ich mit unserem Lernort <\/p>\n<p>\u201eMilchhof Blumhardt &#8211; Lernen auf dem Bauernhof\u201c <\/p>\n<p>aktiv und gebe Schulklassen, Kinderg\u00e4rten und sonstigen an der Landwirtschaft interessierten Personengruppen die M\u00f6glichkeit auf unserem Hof hinter die Kulissen eines nahrungsmittelerzeugenden, landwirtschaftlichen Betriebes zu schauen und erz\u00e4hle dabei allerlei \u00fcber mich, meine Familie, das Leben einer Milchkuh und das Leben mit unseren (Milch-)K\u00fchen.<\/p>\n<p><img data-recalc-dims=\"1\" loading=\"lazy\" decoding=\"async\" data-attachment-id=\"10\" data-permalink=\"http:\/\/milchhofblumhardt-lernenaufdembauernhof.de\/?attachment_id=10\" data-orig-file=\"https:\/\/i0.wp.com\/milchhofblumhardt-lernenaufdembauernhof.de\/wp-content\/uploads\/2018\/03\/DSC_6957.jpg?fit=3840%2C2160\" data-orig-size=\"3840,2160\" data-comments-opened=\"1\" data-image-meta=\"{&quot;aperture&quot;:&quot;2&quot;,&quot;credit&quot;:&quot;&quot;,&quot;camera&quot;:&quot;F5321&quot;,&quot;caption&quot;:&quot;&quot;,&quot;created_timestamp&quot;:&quot;1510222455&quot;,&quot;copyright&quot;:&quot;&quot;,&quot;focal_length&quot;:&quot;4.23&quot;,&quot;iso&quot;:&quot;80&quot;,&quot;shutter_speed&quot;:&quot;0.008&quot;,&quot;title&quot;:&quot;&quot;,&quot;orientation&quot;:&quot;1&quot;}\" data-image-title=\"DSC_6957\" data-image-description=\"\" data-image-caption=\"\" data-medium-file=\"https:\/\/i0.wp.com\/milchhofblumhardt-lernenaufdembauernhof.de\/wp-content\/uploads\/2018\/03\/DSC_6957.jpg?fit=300%2C169\" data-large-file=\"https:\/\/i0.wp.com\/milchhofblumhardt-lernenaufdembauernhof.de\/wp-content\/uploads\/2018\/03\/DSC_6957.jpg?fit=660%2C371\" src=\"https:\/\/i0.wp.com\/milchhofblumhardt-lernenaufdembauernhof.de\/wp-content\/uploads\/2018\/03\/DSC_6957.jpg?resize=300%2C169\" alt=\"\" width=\"300\" height=\"169\" class=\"alignnone size-medium wp-image-10\" srcset=\"https:\/\/i0.wp.com\/milchhofblumhardt-lernenaufdembauernhof.de\/wp-content\/uploads\/2018\/03\/DSC_6957.jpg?resize=300%2C169 300w, https:\/\/i0.wp.com\/milchhofblumhardt-lernenaufdembauernhof.de\/wp-content\/uploads\/2018\/03\/DSC_6957.jpg?resize=768%2C432 768w, https:\/\/i0.wp.com\/milchhofblumhardt-lernenaufdembauernhof.de\/wp-content\/uploads\/2018\/03\/DSC_6957.jpg?resize=1024%2C576 1024w, https:\/\/i0.wp.com\/milchhofblumhardt-lernenaufdembauernhof.de\/wp-content\/uploads\/2018\/03\/DSC_6957.jpg?w=1320 1320w, https:\/\/i0.wp.com\/milchhofblumhardt-lernenaufdembauernhof.de\/wp-content\/uploads\/2018\/03\/DSC_6957.jpg?w=1980 1980w\" sizes=\"(max-width: 300px) 100vw, 300px\" \/><\/p>\n<p>Bei einer digitalen Schnitzeljagd k\u00f6nnen Schulklassen den Weg &#8222;Vom Gras zur Milch&#8220; erleben.<\/p>\n<p>Ihr wollt hereinschauen?<br \/>\n&#8230;sehr gerne!<br \/>\nIch freue mich auf eure Anfrage!<\/p>\n<p>Einfach E-Mail an:<br \/>\nkerstinblumhardt@gmx.de<\/p>\n<p>oder <\/p>\n<p>Anruf:<br \/>\n0173-6959219<\/p>\n","protected":false},"excerpt":{"rendered":"<p>&#8230;auf unserem Milchhof! Mein Name ist Kerstin Blumhardt und ich bewirtschafte mit meinem Mann seinen landwirtschaftlichen Betrieb mit den Schwerpunkten Milchviehhaltung, Ackerbau und neue Energien in 71686 Remseck am Neckar, Ortsteil Neckarrems. Unser Hof ist Heimat von ca. 100 Milchk\u00fchen uns ca. 90 Rindern und K\u00e4lbern. Einige Katzen, drei Pferde, eine Handvoll H\u00fchner samt Hahn &hellip; <a href=\"http:\/\/milchhofblumhardt-lernenaufdembauernhof.de\/\" class=\"more-link\"><span class=\"screen-reader-text\">Willkommen<\/span> weiterlesen<\/a><\/p>\n","protected":false},"author":1,"featured_media":0,"parent":0,"menu_order":0,"comment_status":"closed","ping_status":"closed","template":"","meta":{"jetpack_post_was_ever_published":false,"footnotes":""},"jetpack_sharing_enabled":true,"jetpack_shortlink":"https:\/\/wp.me\/P9MQ7v-w","jetpack_likes_enabled":true,"jetpack-related-posts":[],"_links":{"self":[{"href":"http:\/\/milchhofblumhardt-lernenaufdembauernhof.de\/index.php?rest_route=\/wp\/v2\/pages\/32"}],"collection":[{"href":"http:\/\/milchhofblumhardt-lernenaufdembauernhof.de\/index.php?rest_route=\/wp\/v2\/pages"}],"about":[{"href":"http:\/\/milchhofblumhardt-lernenaufdembauernhof.de\/index.php?rest_route=\/wp\/v2\/types\/page"}],"author":[{"embeddable":true,"href":"http:\/\/milchhofblumhardt-lernenaufdembauernhof.de\/index.php?rest_route=\/wp\/v2\/users\/1"}],"replies":[{"embeddable":true,"href":"http:\/\/milchhofblumhardt-lernenaufdembauernhof.de\/index.php?rest_route=%2Fwp%2Fv2%2Fcomments&post=32"}],"version-history":[{"count":17,"href":"http:\/\/milchhofblumhardt-lernenaufdembauernhof.de\/index.php?rest_route=\/wp\/v2\/pages\/32\/revisions"}],"predecessor-version":[{"id":103,"href":"http:\/\/milchhofblumhardt-lernenaufdembauernhof.de\/index.php?rest_route=\/wp\/v2\/pages\/32\/revisions\/103"}],"wp:attachment":[{"href":"http:\/\/milchhofblumhardt-lernenaufdembauernhof.de\/index.php?rest_route=%2Fwp%2Fv2%2Fmedia&parent=32"}],"curies":[{"name":"wp","href":"https:\/\/api.w.org\/{rel}","templated":true}]}}